{"id":10,"date":"2026-04-01T03:22:57","date_gmt":"2026-04-01T00:22:57","guid":{"rendered":"https:\/\/islamidegerlerkulliyesi.com\/kutsal-emanetler\/"},"modified":"2026-04-01T03:46:31","modified_gmt":"2026-04-01T00:46:31","slug":"kutsal-emanetler","status":"publish","type":"page","link":"https:\/\/islamidegerlerkulliyesi.com\/index.php\/kutsal-emanetler\/","title":{"rendered":"Kutsal Emanetler"},"content":{"rendered":"\n<h2 class=\"wp-block-heading has-text-align-center has-primary-color has-text-color has-heading-font-family\" style=\"font-size:clamp(1.6rem,3vw,2rem);margin-bottom:1.5rem\">K\u0131r\u0131kkale&#8217;nin Manevi Kalbi<\/h2>\n\n\n\n<hr class=\"wp-block-separator has-alpha-channel-opacity is-style-islamic-ornament\" style=\"margin-top:1rem;margin-bottom:2rem\"\/>\n\n\n\n<p class=\"has-text-align-center has-dark-medium-color has-text-color\" style=\"font-size:1.1rem;line-height:1.9\">T\u00fcrkiye&#8217;de bir ilk K\u0131r\u0131kkale&#8217;de tamamlan\u0131yor. Peygamber Efendimizin (sav) hayat\u0131 dijital ve g\u00f6rsel platformda. Eski Cidde Bas\u0131n Ata\u015fesi Bahattin Aky\u00f6n \u00f6nc\u00fcl\u00fc\u011f\u00fcnde kurulan k\u00fclliye T\u00fcrkiye&#8217;de bir ilkleri ba\u011fr\u0131nda bar\u0131nd\u0131r\u0131yor.<\/p>\n\n\n\n<blockquote class=\"wp-block-quote has-primary-color has-text-color has-heading-font-family is-layout-flow wp-block-quote-is-layout-flow\" style=\"margin-top:2rem;margin-bottom:2rem;font-size:1.1rem;font-style:italic\"><p>&#8220;Buras\u0131 T\u00fcrkiye&#8217;nin Kalbi, Resulallah Efendimizin t\u00fcm emanetleri burada. Buras\u0131 kalbidir, sevdas\u0131d\u0131r ve a\u015fk\u0131d\u0131r.&#8221;<\/p><\/blockquote>\n\n\n\n<h3 class=\"wp-block-heading has-text-align-center has-secondary-color has-text-color has-heading-font-family\" style=\"font-size:1.4rem;margin-top:3rem;margin-bottom:1.5rem\">M\u00fczedeki Kutsal Emanetler<\/h3>\n\n\n\n<div class=\"wp-block-columns is-layout-flex wp-container-core-columns-is-layout-6b276c36 wp-block-columns-is-layout-flex\">\n\n<div class=\"wp-block-column is-layout-flow wp-block-column-is-layout-flow\">\n\n<div class=\"wp-block-group is-style-islamic-card has-white-background-color has-background is-layout-flow wp-block-group-is-layout-flow\" style=\"border-radius:16px;padding-top:1.5rem;padding-right:1.5rem;padding-bottom:1.5rem;padding-left:1.5rem\">\n\n<ul class=\"wp-block-list\" style=\"font-size:1.05rem;line-height:2.2\"><li>Mekke-i M\u00fckerreme&#8217;de bulunan Kabe&#8217;nin \u00f6rt\u00fcleri<\/li><li>Medine-i M\u00fcnevvere&#8217;de bulunan Mescid-i Nebi \u00f6rt\u00fcleri<\/li><li>Sakal-\u0131 \u015eerif<\/li><li>Sa\u00e7-\u0131 \u015eerif<\/li><\/ul>\n\n<\/div>\n\n<\/div>\n\n\n<div class=\"wp-block-column is-layout-flow wp-block-column-is-layout-flow\">\n\n<div class=\"wp-block-group is-style-islamic-card has-white-background-color has-background is-layout-flow wp-block-group-is-layout-flow\" style=\"border-radius:16px;padding-top:1.5rem;padding-right:1.5rem;padding-bottom:1.5rem;padding-left:1.5rem\">\n\n<ul class=\"wp-block-list\" style=\"font-size:1.05rem;line-height:2.2\"><li>Kadem-i \u015eerif<\/li><li>Kabe&#8217;nin i\u00e7 \u00f6rt\u00fcs\u00fc<\/li><li>Mukaddes e\u015fyalar<\/li><li>\u00c7ok say\u0131da maneviyat\u0131 b\u00fcy\u00fck eserler<\/li><\/ul>\n\n<\/div>\n\n<\/div>\n\n<\/div>\n\n","protected":false},"excerpt":{"rendered":"<p>K\u0131r\u0131kkale&#8217;nin Manevi Kalbi T\u00fcrkiye&#8217;de bir ilk K\u0131r\u0131kkale&#8217;de tamamlan\u0131yor. Peygamber Efendimizin (sav) hayat\u0131 dijital ve g\u00f6rsel platformda. Eski Cidde Bas\u0131n Ata\u015fesi Bahattin Aky\u00f6n \u00f6nc\u00fcl\u00fc\u011f\u00fcnde kurulan k\u00fclliye T\u00fcrkiye&#8217;de bir ilkleri ba\u011fr\u0131nda bar\u0131nd\u0131r\u0131yor. &#8220;Buras\u0131 T\u00fcrkiye&#8217;nin Kalbi, Resulallah Efendimizin t\u00fcm emanetleri burada. Buras\u0131 kalbidir, sevdas\u0131d\u0131r ve a\u015fk\u0131d\u0131r.&#8221; M\u00fczedeki Kutsal Emanetler Mekke-i M\u00fckerreme&#8217;de bulunan Kabe&#8217;nin \u00f6rt\u00fcleri Medine-i M\u00fcnevvere&#8217;de bulunan Mescid-i [&hellip;]<\/p>\n","protected":false},"author":0,"featured_media":0,"parent":0,"menu_order":0,"comment_status":"closed","ping_status":"closed","template":"","meta":{"footnotes":""},"class_list":["post-10","page","type-page","status-publish","hentry"],"_links":{"self":[{"href":"https:\/\/islamidegerlerkulliyesi.com\/index.php\/wp-json\/wp\/v2\/pages\/10","targetHints":{"allow":["GET"]}}],"collection":[{"href":"https:\/\/islamidegerlerkulliyesi.com\/index.php\/wp-json\/wp\/v2\/pages"}],"about":[{"href":"https:\/\/islamidegerlerkulliyesi.com\/index.php\/wp-json\/wp\/v2\/types\/page"}],"replies":[{"embeddable":true,"href":"https:\/\/islamidegerlerkulliyesi.com\/index.php\/wp-json\/wp\/v2\/comments?post=10"}],"version-history":[{"count":1,"href":"https:\/\/islamidegerlerkulliyesi.com\/index.php\/wp-json\/wp\/v2\/pages\/10\/revisions"}],"predecessor-version":[{"id":21,"href":"https:\/\/islamidegerlerkulliyesi.com\/index.php\/wp-json\/wp\/v2\/pages\/10\/revisions\/21"}],"wp:attachment":[{"href":"https:\/\/islamidegerlerkulliyesi.com\/index.php\/wp-json\/wp\/v2\/media?parent=10"}],"curies":[{"name":"wp","href":"https:\/\/api.w.org\/{rel}","templated":true}]}}