{"id":11,"date":"2026-04-01T03:23:02","date_gmt":"2026-04-01T00:23:02","guid":{"rendered":"https:\/\/islamidegerlerkulliyesi.com\/hafizlik-akademisi\/"},"modified":"2026-04-01T03:46:35","modified_gmt":"2026-04-01T00:46:35","slug":"hafizlik-akademisi","status":"publish","type":"page","link":"https:\/\/islamidegerlerkulliyesi.com\/index.php\/hafizlik-akademisi\/","title":{"rendered":"Haf\u0131zl\u0131k Akademisi"},"content":{"rendered":"\n<h2 class=\"wp-block-heading has-text-align-center has-primary-color has-text-color has-heading-font-family\" style=\"font-size:clamp(1.6rem,3vw,2rem);margin-bottom:1.5rem\">K\u0131r\u0131kkale&#8217;ye Yeni Bir Manevi De\u011fer Daha \u0130n\u015fa Ediliyor!<\/h2>\n\n\n\n<hr class=\"wp-block-separator has-alpha-channel-opacity is-style-islamic-ornament\" style=\"margin-top:1rem;margin-bottom:2rem\"\/>\n\n\n\n<div class=\"wp-block-columns is-layout-flex wp-container-core-columns-is-layout-1df3565e wp-block-columns-is-layout-flex\" style=\"margin-bottom:2rem\">\n\n<div class=\"wp-block-column is-layout-flow wp-block-column-is-layout-flow\">\n\n<div class=\"wp-block-group is-style-islamic-card has-white-background-color has-background is-layout-flow wp-block-group-is-layout-flow\" style=\"border-radius:16px;padding-top:1.5rem;padding-right:1.5rem;padding-bottom:1.5rem;padding-left:1.5rem\">\n\n<h3 class=\"wp-block-heading has-text-align-center has-secondary-color has-text-color\" style=\"font-size:1.1rem\">Kuran-\u0131 Kerim \u00d6\u011fretimi<\/h3>\n\n<\/div>\n\n<\/div>\n\n\n<div class=\"wp-block-column is-layout-flow wp-block-column-is-layout-flow\">\n\n<div class=\"wp-block-group is-style-islamic-card has-white-background-color has-background is-layout-flow wp-block-group-is-layout-flow\" style=\"border-radius:16px;padding-top:1.5rem;padding-right:1.5rem;padding-bottom:1.5rem;padding-left:1.5rem\">\n\n<h3 class=\"wp-block-heading has-text-align-center has-secondary-color has-text-color\" style=\"font-size:1.1rem\">Kuran-\u0131 Kerim Haf\u0131zl\u0131k<\/h3>\n\n<\/div>\n\n<\/div>\n\n\n<div class=\"wp-block-column is-layout-flow wp-block-column-is-layout-flow\">\n\n<div class=\"wp-block-group is-style-islamic-card has-white-background-color has-background is-layout-flow wp-block-group-is-layout-flow\" style=\"border-radius:16px;padding-top:1.5rem;padding-right:1.5rem;padding-bottom:1.5rem;padding-left:1.5rem\">\n\n<h3 class=\"wp-block-heading has-text-align-center has-secondary-color has-text-color\" style=\"font-size:1.1rem\">\u0130slami Temel \u0130limler<\/h3>\n\n<\/div>\n\n<\/div>\n\n<\/div>\n\n\n\n<p style=\"font-size:1.05rem;line-height:1.9\">K\u0131r\u0131kkale \u0130slami De\u011ferler K\u00fclliyesinin hemen yan\u0131 ba\u015f\u0131nda 60 d\u00f6n\u00fcml\u00fck hakim bir arazi \u00fczerine kurulacak olan Kuran-\u0131 Kerim Yat\u0131l\u0131 Kuran-\u0131 Kerim \u00d6\u011fretimi, Yat\u0131l\u0131 Haf\u0131zl\u0131k, \u0130slami Temel \u0130limlerden olu\u015fan b\u00f6l\u00fcmleri ile K\u0131r\u0131kkale&#8217;ye ve \u00fclkemize yeni bir de\u011fer katmaya haz\u0131rlan\u0131yor.<\/p>\n\n\n\n<p style=\"font-size:1.05rem;line-height:1.9\">Bu proje; Allah&#8217;\u0131n (c.c) doksan dokuz ismine binaen doksan dokuz odadan olu\u015facak ve \u0130slami De\u011ferler K\u00fclliyesinin ku\u015fbak\u0131\u015f\u0131 g\u00f6r\u00fcnt\u00fcs\u00fcndeki Allah (c.c.) lafz\u0131n\u0131n yan\u0131nda Muhammed (sav) lafz\u0131 ile b\u00f6lgeyi ta\u00e7land\u0131racak, g\u00f6ky\u00fcz\u00fcnden Muhammed (sav) ismi \u015ferifi g\u00f6z\u00fckecektir.<\/p>\n\n\n\n<p style=\"font-size:1.05rem;line-height:1.9\">\u0130\u00e7erisinde Kuran-\u0131 Kerim \u00f6\u011frenme, yat\u0131l\u0131 haf\u0131zl\u0131k e\u011fitimi, \u0130slami Temel \u0130limlerle \u00f6rg\u00fcn e\u011fitim verilecek olan merkezde on bir, on iki ve on \u00fc\u00e7 ya\u015f\u0131ndaki \u00e7ocuklar e\u011fitim g\u00f6recek. Altm\u0131\u015f yatakl\u0131 haf\u0131zl\u0131k kapasitesi ve k\u0131rk yatakl\u0131 \u0130slami Temel \u0130limler b\u00f6l\u00fcm\u00fc olacakt\u0131r.<\/p>\n\n\n\n<p style=\"font-size:1.05rem;line-height:1.9\">Bina i\u00e7erisinde haf\u0131zl\u0131k yapacak \u00e7ocuklar\u0131m\u0131za y\u00f6nelik \u00e7oklu derslikler, laboratuvar s\u0131n\u0131flar\u0131, drama at\u00f6lyeleri, spor salonu, y\u00fczme havuzu, musiki odalar\u0131, konferans salonu, g\u00f6rme engelliler i\u00e7in \u00f6zel s\u0131n\u0131flar, revir, yemekhane, k\u00fct\u00fcphane, misafirhane, T\u00fcrk hamam\u0131, ziyaret\u00e7i salonu, fuaye odas\u0131, kantin ve \u00f6zel m\u00fcstakil haf\u0131zl\u0131k odalar\u0131 projede mevcut olacakt\u0131r.<\/p>\n\n\n\n<p style=\"font-size:1.05rem;line-height:1.9\">Yakla\u015f\u0131k 1200 m\u00b2 lik bir alana 5 katl\u0131 olarak modern mimari ile projesi \u00e7izilmi\u015f binam\u0131z K\u0131r\u0131kkale&#8217;nin manevi y\u00fcz\u00fc olan \u0130slami De\u011ferler K\u00fclliyesi yan\u0131 ba\u015f\u0131nda Anadolu&#8217;ya Kuran-\u0131 Kerim m\u00fchr\u00fcn\u00fc vuracakt\u0131r, in\u015fallah.<\/p>\n\n\n\n<hr class=\"wp-block-separator has-alpha-channel-opacity is-style-islamic-ornament\" style=\"margin-top:3rem;margin-bottom:3rem\"\/>\n\n\n\n<h3 class=\"wp-block-heading has-text-align-center has-primary-color has-text-color has-heading-font-family\" style=\"font-size:1.4rem;margin-bottom:1.5rem\">Vergi Avantajlar\u0131<\/h3>\n\n\n\n<p style=\"font-size:1.05rem;line-height:1.9\">Derne\u011fimiz, Cumhurba\u015fkan\u0131m\u0131z Say\u0131n Recep Tayyip Erdo\u011fan&#8217;\u0131n tensipleriyle 29 A\u011fustos 2024 tarih ve 8875 say\u0131l\u0131 karar ile ilimizde ilk kez Kamu Yarar\u0131na Dernek Stat\u00fcs\u00fc kazanm\u0131\u015ft\u0131r. Kamu yarar\u0131na \u00e7al\u0131\u015fan dernek stat\u00fcs\u00fcnde olan bir derne\u011fe yap\u0131lan ba\u011f\u0131\u015flar\u0131n m\u00fckellefler a\u00e7\u0131s\u0131ndan \u00e7e\u015fitli vergi avantajlar\u0131 bulunur:<\/p>\n\n\n\n<ol class=\"wp-block-list\" style=\"font-size:1rem;line-height:2\"><li><strong>Vergi Matrah\u0131n\u0131n D\u00fc\u015f\u00fcr\u00fclmesi:<\/strong> Gelir veya kurumlar vergisi m\u00fckellefleri ba\u011f\u0131\u015flar\u0131 vergi matrah\u0131ndan d\u00fc\u015febilirler.<\/li><li><strong>Kurumsal \u0130tibar ve Sosyal Sorumluluk:<\/strong> Topluma katk\u0131 sa\u011flama imaj\u0131n\u0131 g\u00fc\u00e7lendirir.<\/li><li><strong>Vergi \u0130ndirimi:<\/strong> Ayni veya nakdi ba\u011f\u0131\u015flar vergiden indirim konusu yap\u0131labilir.<\/li><li><strong>Zararl\u0131 Mali Y\u00fckten Ka\u00e7\u0131nma:<\/strong> M\u00fckellefler daha d\u00fc\u015f\u00fck vergi \u00f6derler.<\/li><li><strong>Ba\u011f\u0131\u015flar\u0131n Kolayca Belgelenebilmesi:<\/strong> Resmi makbuzlarla belgelenir.<\/li><\/ol>\n\n\n\n<div class=\"wp-block-group cta-section is-layout-constrained wp-container-core-group-is-layout-48733421 wp-block-group-is-layout-constrained\" style=\"border-radius:16px;margin-top:3rem;padding-top:3rem;padding-right:2rem;padding-bottom:3rem;padding-left:2rem\">\n\n<p class=\"has-text-align-center has-white-color has-text-color\" style=\"font-size:1.1rem\">Bu g\u00fczel hizmette sizin de hayr\u0131n\u0131z, katk\u0131n\u0131z olsun. Rabbim kabul etsin in\u015fallah\u2026<\/p>\n\n\n<p class=\"has-text-align-center has-secondary-light-color has-text-color\" style=\"font-size:1rem\">Telefon: 0318 502 36 40 | Sayman &#8211; Zafer Bal: 0544 218 54 46<\/p>\n\n<\/div>\n\n","protected":false},"excerpt":{"rendered":"<p>K\u0131r\u0131kkale&#8217;ye Yeni Bir Manevi De\u011fer Daha \u0130n\u015fa Ediliyor! Kuran-\u0131 Kerim \u00d6\u011fretimi Kuran-\u0131 Kerim Haf\u0131zl\u0131k \u0130slami Temel \u0130limler K\u0131r\u0131kkale \u0130slami De\u011ferler K\u00fclliyesinin hemen yan\u0131 ba\u015f\u0131nda 60 d\u00f6n\u00fcml\u00fck hakim bir arazi \u00fczerine kurulacak olan Kuran-\u0131 Kerim Yat\u0131l\u0131 Kuran-\u0131 Kerim \u00d6\u011fretimi, Yat\u0131l\u0131 Haf\u0131zl\u0131k, \u0130slami Temel \u0130limlerden olu\u015fan b\u00f6l\u00fcmleri ile K\u0131r\u0131kkale&#8217;ye ve \u00fclkemize yeni bir de\u011fer katmaya haz\u0131rlan\u0131yor. Bu [&hellip;]<\/p>\n","protected":false},"author":0,"featured_media":0,"parent":0,"menu_order":0,"comment_status":"closed","ping_status":"closed","template":"","meta":{"footnotes":""},"class_list":["post-11","page","type-page","status-publish","hentry"],"_links":{"self":[{"href":"https:\/\/islamidegerlerkulliyesi.com\/index.php\/wp-json\/wp\/v2\/pages\/11","targetHints":{"allow":["GET"]}}],"collection":[{"href":"https:\/\/islamidegerlerkulliyesi.com\/index.php\/wp-json\/wp\/v2\/pages"}],"about":[{"href":"https:\/\/islamidegerlerkulliyesi.com\/index.php\/wp-json\/wp\/v2\/types\/page"}],"replies":[{"embeddable":true,"href":"https:\/\/islamidegerlerkulliyesi.com\/index.php\/wp-json\/wp\/v2\/comments?post=11"}],"version-history":[{"count":1,"href":"https:\/\/islamidegerlerkulliyesi.com\/index.php\/wp-json\/wp\/v2\/pages\/11\/revisions"}],"predecessor-version":[{"id":22,"href":"https:\/\/islamidegerlerkulliyesi.com\/index.php\/wp-json\/wp\/v2\/pages\/11\/revisions\/22"}],"wp:attachment":[{"href":"https:\/\/islamidegerlerkulliyesi.com\/index.php\/wp-json\/wp\/v2\/media?parent=11"}],"curies":[{"name":"wp","href":"https:\/\/api.w.org\/{rel}","templated":true}]}}