{"id":12,"date":"2026-04-01T03:23:06","date_gmt":"2026-04-01T00:23:06","guid":{"rendered":"https:\/\/islamidegerlerkulliyesi.com\/muhtesem-ozellikler\/"},"modified":"2026-04-01T03:46:40","modified_gmt":"2026-04-01T00:46:40","slug":"muhtesem-ozellikler","status":"publish","type":"page","link":"https:\/\/islamidegerlerkulliyesi.com\/index.php\/muhtesem-ozellikler\/","title":{"rendered":"Muhte\u015fem \u00d6zellikler"},"content":{"rendered":"\n<h2 class=\"wp-block-heading has-text-align-center has-primary-color has-text-color has-heading-font-family\" style=\"font-size:clamp(1.6rem,3vw,2rem);margin-bottom:1.5rem\">\u0130slami De\u011ferler K\u00fclliyesi Muhte\u015fem \u00d6zellikleri<\/h2>\n\n\n\n<p class=\"has-text-align-center has-text-muted-color has-text-color\" style=\"font-size:1rem;line-height:1.8\">\u0130limizin ilk Kamu Yarar\u0131 Dernek Stat\u00fcs\u00fc kazanan K\u0131r\u0131kkale \u0130slami De\u011ferler K\u00fclliyesini yak\u0131ndan tan\u0131yal\u0131m.<\/p>\n\n\n\n<hr class=\"wp-block-separator has-alpha-channel-opacity is-style-islamic-ornament\" style=\"margin-top:1rem;margin-bottom:2rem\"\/>\n\n\n\n<div class=\"wp-block-group is-style-islamic-card has-white-background-color has-background is-layout-flow wp-block-group-is-layout-flow\" style=\"border-radius:16px;padding-top:2.5rem;padding-right:2.5rem;padding-bottom:2.5rem;padding-left:2.5rem\">\n\n\n<ul class=\"has-dark-medium-color has-text-color wp-block-list\" style=\"font-size:1rem;line-height:2.2\"><li>Kubbesi d\u00f6rt bir yan\u0131m\u0131z\u0131n \u0130slam oldu\u011funu g\u00f6steren yar\u0131m hilallidir.<\/li><li>2 minaresinde Allah lafz\u0131n\u0131 temsilen elif (\u0627) vard\u0131r. 2 minarenin boyu Mescid-i Nebi&#8217;ye \u00d6mer bin Abd\u00fclaziz taraf\u0131ndan yap\u0131lan minarenin boyu ile ayn\u0131 \u00f6l\u00e7\u00fcdedir.<\/li><li>Anadolu&#8217;ya Allah lafz\u0131 Celil&#8217;in (\u0627\u0644\u0644\u0647) m\u00fchr\u00fcn\u00fcn vuruldu\u011fu tek yerdir.<\/li><li>Minarelerde 1&#8217;er \u015ferefe ile &#8220;Allah tek teki sever&#8221; vurgusu vard\u0131r.<\/li><li>K\u0131r\u0131kkale&#8217;ye hakim noktadad\u0131r.<\/li><li>Ana kubbenin caminin tam ortas\u0131na direksiz in\u015fa edilmi\u015ftir.<\/li><li>K\u00fclliyede 4 kubbe bulunmaktad\u0131r.<\/li><li>Camiye do\u011fu taraf\u0131ndan girilmektedir.<\/li><li>\u015ead\u0131rvanl\u0131 avluda K\u0131r\u0131kkale&#8217;nin en b\u00fcy\u00fck musalla alan\u0131 bulunmaktad\u0131r.<\/li><li>\u015ead\u0131rvanda 8 \u00e7e\u015fme bulunmaktad\u0131r. Sel\u00e7uklu y\u0131ld\u0131z\u0131 ve 8 cennet kap\u0131s\u0131n\u0131 simgelemektedir.<\/li><li>\u0130ki mekandaki toplam 33 kubbe tespih, tahmid, tekbirin ayr\u0131 ayr\u0131 otuz \u00fc\u00e7er defa tekrar\u0131n\u0131 belirtiyor.<\/li><li>Ana kubbede Sekine ismi Celilleri bulunmaktad\u0131r.<\/li><li>Ana kubbeyi orta kulakta Esma-\u00fcl H\u00fcsna \u00e7evirmektedir.<\/li><li>Ana kubbe ve di\u011fer pencereler Resulullah Efendimizin (sav) peygamber oldu\u011fu ya\u015f\u0131 ve bir g\u00fcnde k\u0131l\u0131nan 40 rekat namaz\u0131 simgeliyor.<\/li><li>Ana kubbe etraf\u0131ndaki 4 yar\u0131m kubbe Edille-i \u015eer&#8217;iyye, 4 b\u00fcy\u00fck halifeye, 4 b\u00fcy\u00fck kitaba, 4 mezhebe, 4 b\u00fcy\u00fck mele\u011fe ve d\u00f6rt y\u00f6ne i\u015faret etmektedir.<\/li><li>Kubbe alt\u0131ndaki avize Medine-i M\u00fcnevvere&#8217;yi temsil etmektedir.<\/li><li>Ta\u015f i\u015f\u00e7ilik ve duvar yaz\u0131lar\u0131nda H\u00fclefa-y\u0131 Ra\u015fidin ve Ehl-i Beyt&#8217;in isimleri bulunmaktad\u0131r.<\/li><li>Avize Allah (\u0627\u0644\u0644\u0647) lafz\u0131 ile s\u00fcslenmi\u015f ve \u0131\u015f\u0131kland\u0131r\u0131lm\u0131\u015ft\u0131r.<\/li><li>Avlusunda Peygamber Efendimizin (sav) isimleri yaz\u0131l\u0131d\u0131r.<\/li><li>\u015ead\u0131rvanl\u0131 avlu \u015fehri selamlamaktad\u0131r.<\/li><li>\u0130slami De\u011ferler K\u00fclliyesi Cami ve Siyer-i Nebi M\u00fczesi &#8220;Herkes Peygamber Efendimizi (as) tan\u0131s\u0131n&#8221; d\u00fcsturu ile Mekke ve Medine&#8217;nin ruhunu yans\u0131tmak i\u00e7in Allah r\u0131zas\u0131 g\u00f6zeterek yap\u0131lm\u0131\u015ft\u0131r.<\/li><li>Peygamber Efendimizin ya\u015fam\u0131\u015f oldu\u011fu 63 y\u0131la atfen, 63 maket ve dijital anlat\u0131m ile Siyer-i Nebi M\u00fczesi planlanm\u0131\u015ft\u0131r.<\/li><li>T\u00fcm \u00fclkelerin bast\u0131\u011f\u0131 Kuran-\u0131 Kerimler m\u00fczede bulunmaktad\u0131r.<\/li><li>Kutsal emanetler b\u00f6l\u00fcm\u00fc T\u00fcrkiye&#8217;de bir ilki olu\u015fturmaktad\u0131r.<\/li><li>Kuran-\u0131 Kerim ayetleri ta\u015fa ve kubbeye i\u015flenmi\u015ftir.<\/li><li>Milli ve manevi duygular\u0131m\u0131z\u0131n doru\u011fa ula\u015fmas\u0131 i\u00e7in hi\u00e7bir \u015feyden \u00fccret al\u0131nmamakta, ziyaretin edep ile yap\u0131lmas\u0131na dikkat edilmi\u015ftir.<\/li><li>Bah\u00e7esinde hakim noktada \u015fanl\u0131 T\u00fcrk bayra\u011f\u0131 dalgalanmaktad\u0131r.<\/li><li>K\u00fclliyede iki ayr\u0131 misafirhane, imam ve m\u00fcezzin lojman\u0131 bulunmaktad\u0131r.<\/li><li>Camiide \u00fc\u00e7 gasilhane, abdesthane, \u00e7ocuk bak\u0131m odas\u0131, taziye evleri, k\u00fct\u00fcphane-okuma salonu, e\u011fitim ve konferans salonu, ikram salonu bulunmaktad\u0131r.<\/li><li>\u0130kinci mescit 250 ki\u015fi kapasiteli savunma anlam\u0131nda kapal\u0131 alanlar\u0131 ile \u00e7ok ama\u00e7l\u0131 planlanm\u0131\u015ft\u0131r.<\/li><li>K\u00fclliye&#8217;ye \u00f6zel ara\u00e7lar\u0131 ile gelen misafirler i\u00e7in park yeri ve dinlenme bah\u00e7esi bulunmaktad\u0131r.<\/li><li>Peygamber Efendimizi koruyan g\u00fcvercinlerin torunlar\u0131 i\u00e7in K\u00fclliye Cami duvar\u0131na 3 adet ta\u015ftan g\u00fcvercinlikler yap\u0131lm\u0131\u015ft\u0131r.<\/li><li>K\u00fclliyenin i\u00e7inde ve \u00e7evresinde g\u00fcvenli\u011fi sa\u011flayan 24 saat aktif olan kameralar mevcuttur.<\/li><li>Ziyaret\u00e7ilerin her mevsim \u015fartlar\u0131nda s\u0131k\u0131nt\u0131 \u00e7ekmeden ibadet edebilmeleri i\u00e7in ses sistemi ve \u0131s\u0131tma sistemleri bulunmaktad\u0131r.<\/li><li>K\u00fclliyenin \u0131\u015f\u0131kland\u0131rmas\u0131 yans\u0131tt\u0131\u011f\u0131 manevi atmosferle \u015fehir esteti\u011fine katk\u0131 sa\u011flamaktad\u0131r.<\/li><\/ul>\n\n\n\n<p class=\"has-text-align-center has-primary-color has-text-color has-heading-font-family\" style=\"font-size:1.15rem;font-weight:600;font-style:italic;margin-top:2rem\">Allah t\u00fcm M\u00fcsl\u00fcmanlar\u0131n \u0130slami De\u011ferler K\u00fclliyesini g\u00f6rmelerini ve i\u00e7inde ibadet ve dua etmelerini nasip etsin.<\/p>\n\n\n<\/div>\n\n","protected":false},"excerpt":{"rendered":"<p>\u0130slami De\u011ferler K\u00fclliyesi Muhte\u015fem \u00d6zellikleri \u0130limizin ilk Kamu Yarar\u0131 Dernek Stat\u00fcs\u00fc kazanan K\u0131r\u0131kkale \u0130slami De\u011ferler K\u00fclliyesini yak\u0131ndan tan\u0131yal\u0131m. Kubbesi d\u00f6rt bir yan\u0131m\u0131z\u0131n \u0130slam oldu\u011funu g\u00f6steren yar\u0131m hilallidir. 2 minaresinde Allah lafz\u0131n\u0131 temsilen elif (\u0627) vard\u0131r. 2 minarenin boyu Mescid-i Nebi&#8217;ye \u00d6mer bin Abd\u00fclaziz taraf\u0131ndan yap\u0131lan minarenin boyu ile ayn\u0131 \u00f6l\u00e7\u00fcdedir. Anadolu&#8217;ya Allah lafz\u0131 Celil&#8217;in (\u0627\u0644\u0644\u0647) [&hellip;]<\/p>\n","protected":false},"author":0,"featured_media":0,"parent":0,"menu_order":0,"comment_status":"closed","ping_status":"closed","template":"","meta":{"footnotes":""},"class_list":["post-12","page","type-page","status-publish","hentry"],"_links":{"self":[{"href":"https:\/\/islamidegerlerkulliyesi.com\/index.php\/wp-json\/wp\/v2\/pages\/12","targetHints":{"allow":["GET"]}}],"collection":[{"href":"https:\/\/islamidegerlerkulliyesi.com\/index.php\/wp-json\/wp\/v2\/pages"}],"about":[{"href":"https:\/\/islamidegerlerkulliyesi.com\/index.php\/wp-json\/wp\/v2\/types\/page"}],"replies":[{"embeddable":true,"href":"https:\/\/islamidegerlerkulliyesi.com\/index.php\/wp-json\/wp\/v2\/comments?post=12"}],"version-history":[{"count":1,"href":"https:\/\/islamidegerlerkulliyesi.com\/index.php\/wp-json\/wp\/v2\/pages\/12\/revisions"}],"predecessor-version":[{"id":23,"href":"https:\/\/islamidegerlerkulliyesi.com\/index.php\/wp-json\/wp\/v2\/pages\/12\/revisions\/23"}],"wp:attachment":[{"href":"https:\/\/islamidegerlerkulliyesi.com\/index.php\/wp-json\/wp\/v2\/media?parent=12"}],"curies":[{"name":"wp","href":"https:\/\/api.w.org\/{rel}","templated":true}]}}