{"id":13,"date":"2026-04-01T03:23:11","date_gmt":"2026-04-01T00:23:11","guid":{"rendered":"https:\/\/islamidegerlerkulliyesi.com\/bagis-ve-yardim\/"},"modified":"2026-04-01T03:46:44","modified_gmt":"2026-04-01T00:46:44","slug":"bagis-ve-yardim","status":"publish","type":"page","link":"https:\/\/islamidegerlerkulliyesi.com\/index.php\/bagis-ve-yardim\/","title":{"rendered":"Ba\u011f\u0131\u015f ve Yard\u0131m"},"content":{"rendered":"\n<h2 class=\"wp-block-heading has-text-align-center has-primary-color has-text-color has-heading-font-family\" style=\"font-size:clamp(1.6rem,3vw,2rem);margin-bottom:1.5rem\">Banka Hesaplar\u0131m\u0131z<\/h2>\n\n\n\n<p class=\"has-text-align-center has-text-muted-color has-text-color\" style=\"font-size:1rem\">\u0130slami De\u011ferler Sosyal, K\u00fclt\u00fcr, Yard\u0131mla\u015fma ve Dayan\u0131\u015fma Derne\u011fi<\/p>\n\n\n\n<hr class=\"wp-block-separator has-alpha-channel-opacity is-style-islamic-ornament\" style=\"margin-top:1rem;margin-bottom:2.5rem\"\/>\n\n\n\n<div class=\"wp-block-columns is-layout-flex wp-container-core-columns-is-layout-6b276c36 wp-block-columns-is-layout-flex\">\n\n\n<div class=\"wp-block-column is-layout-flow wp-block-column-is-layout-flow\">\n\n<div class=\"wp-block-group is-style-islamic-card has-white-background-color has-background is-layout-flow wp-block-group-is-layout-flow\" style=\"border-radius:16px;padding-top:2rem;padding-right:2rem;padding-bottom:2rem;padding-left:2rem\">\n\n<h3 class=\"wp-block-heading has-text-align-center has-secondary-color has-text-color has-heading-font-family\" style=\"font-size:1.2rem\">Kuveyt T\u00fcrk Bankas\u0131<\/h3>\n\n\n<p class=\"has-text-align-center has-text-muted-color has-text-color\" style=\"font-size:0.9rem\">TL Hesab\u0131<\/p>\n\n\n<p class=\"has-dark-color has-text-color\" style=\"border-radius:8px;margin-top:1rem;font-size:1rem;font-weight:600;letter-spacing:1px\">TR45 0020 5000 0992 8137 0000 01<\/p>\n\n<\/div>\n\n<\/div>\n\n\n\n<div class=\"wp-block-column is-layout-flow wp-block-column-is-layout-flow\">\n\n<div class=\"wp-block-group is-style-islamic-card has-white-background-color has-background is-layout-flow wp-block-group-is-layout-flow\" style=\"border-radius:16px;padding-top:2rem;padding-right:2rem;padding-bottom:2rem;padding-left:2rem\">\n\n<h3 class=\"wp-block-heading has-text-align-center has-secondary-color has-text-color has-heading-font-family\" style=\"font-size:1.2rem\">Halk Bankas\u0131<\/h3>\n\n\n<p class=\"has-text-align-center has-text-muted-color has-text-color\" style=\"font-size:0.9rem\">TL Hesab\u0131<\/p>\n\n\n<p class=\"has-dark-color has-text-color\" style=\"border-radius:8px;margin-top:1rem;font-size:1rem;font-weight:600;letter-spacing:1px\">TR79 0001 2001 5500 0016 1000 08<\/p>\n\n<\/div>\n\n<\/div>\n\n\n\n<div class=\"wp-block-column is-layout-flow wp-block-column-is-layout-flow\">\n\n<div class=\"wp-block-group is-style-islamic-card has-white-background-color has-background is-layout-flow wp-block-group-is-layout-flow\" style=\"border-radius:16px;padding-top:2rem;padding-right:2rem;padding-bottom:2rem;padding-left:2rem\">\n\n<h3 class=\"wp-block-heading has-text-align-center has-secondary-color has-text-color has-heading-font-family\" style=\"font-size:1.2rem\">Ziraat Bankas\u0131<\/h3>\n\n\n<p class=\"has-text-align-center has-text-muted-color has-text-color\" style=\"font-size:0.9rem\">TL Hesab\u0131<\/p>\n\n\n<p class=\"has-dark-color has-text-color\" style=\"border-radius:8px;margin-top:1rem;font-size:1rem;font-weight:600;letter-spacing:1px\">TR58 0001 0003 1672 2309 8150 01<\/p>\n\n<\/div>\n\n<\/div>\n\n\n<\/div>\n\n\n\n<div class=\"wp-block-group cta-section is-layout-constrained wp-container-core-group-is-layout-48733421 wp-block-group-is-layout-constrained\" style=\"border-radius:16px;margin-top:3rem;padding-top:3rem;padding-right:2rem;padding-bottom:3rem;padding-left:2rem\">\n\n<p class=\"has-text-align-center has-white-color has-text-color has-heading-font-family\" style=\"font-size:1.2rem;font-weight:600\">Yard\u0131mlar\u0131n\u0131z\u0131 Bekliyoruz<\/p>\n\n\n<p class=\"has-text-align-center has-secondary-light-color has-text-color\" style=\"font-size:1rem\">Derne\u011fimiz Kamu yarar\u0131na faaliyet yapmaktad\u0131r. Yap\u0131lan ba\u011f\u0131\u015flar vergi matrah\u0131ndan d\u00fc\u015f\u00fclebilir.<\/p>\n\n<\/div>\n\n","protected":false},"excerpt":{"rendered":"<p>Banka Hesaplar\u0131m\u0131z \u0130slami De\u011ferler Sosyal, K\u00fclt\u00fcr, Yard\u0131mla\u015fma ve Dayan\u0131\u015fma Derne\u011fi Kuveyt T\u00fcrk Bankas\u0131 TL Hesab\u0131 TR45 0020 5000 0992 8137 0000 01 Halk Bankas\u0131 TL Hesab\u0131 TR79 0001 2001 5500 0016 1000 08 Ziraat Bankas\u0131 TL Hesab\u0131 TR58 0001 0003 1672 2309 8150 01 Yard\u0131mlar\u0131n\u0131z\u0131 Bekliyoruz Derne\u011fimiz Kamu yarar\u0131na faaliyet yapmaktad\u0131r. Yap\u0131lan ba\u011f\u0131\u015flar vergi matrah\u0131ndan [&hellip;]<\/p>\n","protected":false},"author":0,"featured_media":0,"parent":0,"menu_order":0,"comment_status":"closed","ping_status":"closed","template":"","meta":{"footnotes":""},"class_list":["post-13","page","type-page","status-publish","hentry"],"_links":{"self":[{"href":"https:\/\/islamidegerlerkulliyesi.com\/index.php\/wp-json\/wp\/v2\/pages\/13","targetHints":{"allow":["GET"]}}],"collection":[{"href":"https:\/\/islamidegerlerkulliyesi.com\/index.php\/wp-json\/wp\/v2\/pages"}],"about":[{"href":"https:\/\/islamidegerlerkulliyesi.com\/index.php\/wp-json\/wp\/v2\/types\/page"}],"replies":[{"embeddable":true,"href":"https:\/\/islamidegerlerkulliyesi.com\/index.php\/wp-json\/wp\/v2\/comments?post=13"}],"version-history":[{"count":1,"href":"https:\/\/islamidegerlerkulliyesi.com\/index.php\/wp-json\/wp\/v2\/pages\/13\/revisions"}],"predecessor-version":[{"id":24,"href":"https:\/\/islamidegerlerkulliyesi.com\/index.php\/wp-json\/wp\/v2\/pages\/13\/revisions\/24"}],"wp:attachment":[{"href":"https:\/\/islamidegerlerkulliyesi.com\/index.php\/wp-json\/wp\/v2\/media?parent=13"}],"curies":[{"name":"wp","href":"https:\/\/api.w.org\/{rel}","templated":true}]}}