{"id":14,"date":"2026-04-01T03:23:15","date_gmt":"2026-04-01T00:23:15","guid":{"rendered":"https:\/\/islamidegerlerkulliyesi.com\/iletisim\/"},"modified":"2026-04-01T10:55:16","modified_gmt":"2026-04-01T07:55:16","slug":"iletisim","status":"publish","type":"page","link":"https:\/\/islamidegerlerkulliyesi.com\/index.php\/iletisim\/","title":{"rendered":"\u0130leti\u015fim"},"content":{"rendered":"\n<div class=\"wp-block-columns is-layout-flex wp-container-core-columns-is-layout-1b715042 wp-block-columns-is-layout-flex\">\n\n\n<div class=\"wp-block-column is-layout-flow wp-block-column-is-layout-flow\" style=\"flex-basis:50%\">\n\n\n<h2 class=\"wp-block-heading has-primary-color has-text-color has-heading-font-family\" style=\"font-size:1.6rem;margin-bottom:2rem\">\u0130leti\u015fim Bilgileri<\/h2>\n\n\n\n<div class=\"wp-block-group is-style-islamic-card has-white-background-color has-background is-layout-flow wp-block-group-is-layout-flow\" style=\"border-radius:16px;margin-bottom:1.5rem;padding-top:1.5rem;padding-right:1.5rem;padding-bottom:1.5rem;padding-left:1.5rem\">\n\n<h4 class=\"wp-block-heading has-secondary-color has-text-color\" style=\"font-size:1rem\">Adres<\/h4>\n\n\n<p style=\"font-size:1rem\">Karacal\u0131 K\u00f6y\u00fc Mevki Sa\u011fl\u0131k cd. No. 1 K\u0131r\u0131kkale<\/p>\n\n<\/div>\n\n\n\n<div class=\"wp-block-group is-style-islamic-card has-white-background-color has-background is-layout-flow wp-block-group-is-layout-flow\" style=\"border-radius:16px;margin-bottom:1.5rem;padding-top:1.5rem;padding-right:1.5rem;padding-bottom:1.5rem;padding-left:1.5rem\">\n\n<h4 class=\"wp-block-heading has-secondary-color has-text-color\" style=\"font-size:1rem\">E-posta<\/h4>\n\n\n<p style=\"font-size:1rem\"><a href=\"mailto:bilgi@islamidegerlerkulliyesi.com\">bilgi@islamidegerlerkulliyesi.com<\/a><\/p>\n\n<\/div>\n\n\n\n<div class=\"wp-block-group is-style-islamic-card has-white-background-color has-background is-layout-flow wp-block-group-is-layout-flow\" style=\"border-radius:16px;margin-bottom:1.5rem;padding-top:1.5rem;padding-right:1.5rem;padding-bottom:1.5rem;padding-left:1.5rem\">\n\n<h4 class=\"wp-block-heading has-secondary-color has-text-color\" style=\"font-size:1rem\">Telefon<\/h4>\n\n\n<p style=\"font-size:1rem\"><a href=\"tel:+903185023640\">+90 318 502 36 40<\/a><br><a href=\"tel:+905378731230\">+90 537 873 12 30<\/a><\/p>\n\n<\/div>\n\n\n\n<div class=\"wp-block-group is-style-islamic-card has-white-background-color has-background is-layout-flow wp-block-group-is-layout-flow\" style=\"border-radius:16px;padding-top:1.5rem;padding-right:1.5rem;padding-bottom:1.5rem;padding-left:1.5rem\">\n\n<h4 class=\"wp-block-heading has-secondary-color has-text-color\" style=\"font-size:1rem\">\u00c7al\u0131\u015fma Saatleri<\/h4>\n\n\n<p style=\"font-size:1rem\">Pazartesi &#8211; Cumartesi: 11:00 &#8211; 17:00<\/p>\n\n<\/div>\n\n\n<\/div>\n\n\n\n<div class=\"wp-block-column is-layout-flow wp-block-column-is-layout-flow\" style=\"flex-basis:50%\">\n\n\n<h2 class=\"wp-block-heading has-primary-color has-text-color has-heading-font-family\" style=\"font-size:1.6rem;margin-bottom:2rem\">Konum<\/h2>\n\n\n\n<iframe src=\"https:\/\/maps.google.com\/maps?q=39.8799351,33.5375727&#038;z=17&#038;output=embed\" width=\"100%\" height=\"450\" style=\"border:0;border-radius:16px;\" allowfullscreen=\"\" loading=\"lazy\" referrerpolicy=\"no-referrer-when-downgrade\"><\/iframe>\n\n\n<\/div>\n\n\n<\/div>\n\n","protected":false},"excerpt":{"rendered":"<p>\u0130leti\u015fim Bilgileri Adres Karacal\u0131 K\u00f6y\u00fc Mevki Sa\u011fl\u0131k cd. No. 1 K\u0131r\u0131kkale E-posta bilgi@islamidegerlerkulliyesi.com Telefon +90 318 502 36 40+90 537 873 12 30 \u00c7al\u0131\u015fma Saatleri Pazartesi &#8211; Cumartesi: 11:00 &#8211; 17:00 Konum<\/p>\n","protected":false},"author":0,"featured_media":0,"parent":0,"menu_order":0,"comment_status":"closed","ping_status":"closed","template":"page-contact","meta":{"footnotes":""},"class_list":["post-14","page","type-page","status-publish","hentry"],"_links":{"self":[{"href":"https:\/\/islamidegerlerkulliyesi.com\/index.php\/wp-json\/wp\/v2\/pages\/14","targetHints":{"allow":["GET"]}}],"collection":[{"href":"https:\/\/islamidegerlerkulliyesi.com\/index.php\/wp-json\/wp\/v2\/pages"}],"about":[{"href":"https:\/\/islamidegerlerkulliyesi.com\/index.php\/wp-json\/wp\/v2\/types\/page"}],"replies":[{"embeddable":true,"href":"https:\/\/islamidegerlerkulliyesi.com\/index.php\/wp-json\/wp\/v2\/comments?post=14"}],"version-history":[{"count":2,"href":"https:\/\/islamidegerlerkulliyesi.com\/index.php\/wp-json\/wp\/v2\/pages\/14\/revisions"}],"predecessor-version":[{"id":33,"href":"https:\/\/islamidegerlerkulliyesi.com\/index.php\/wp-json\/wp\/v2\/pages\/14\/revisions\/33"}],"wp:attachment":[{"href":"https:\/\/islamidegerlerkulliyesi.com\/index.php\/wp-json\/wp\/v2\/media?parent=14"}],"curies":[{"name":"wp","href":"https:\/\/api.w.org\/{rel}","templated":true}]}}