{"id":16,"date":"2026-04-01T03:23:24","date_gmt":"2026-04-01T00:23:24","guid":{"rendered":"https:\/\/islamidegerlerkulliyesi.com\/duyurular\/"},"modified":"2026-04-01T13:27:14","modified_gmt":"2026-04-01T10:27:14","slug":"duyurular","status":"publish","type":"page","link":"https:\/\/islamidegerlerkulliyesi.com\/index.php\/duyurular\/","title":{"rendered":"Duyurular"},"content":{"rendered":"\n<h2 class=\"wp-block-heading has-text-align-center has-primary-color has-text-color has-heading-font-family\" style=\"font-size:clamp(1.6rem,3vw,2rem);margin-bottom:1rem\">Duyurular<\/h2>\n\n\n\n<p class=\"has-text-align-center has-text-muted-color has-text-color\" style=\"font-size:1rem\">Facebook sayfam\u0131zdan en g\u00fcncel duyurular\u0131m\u0131z\u0131 takip edebilirsiniz.<\/p>\n\n\n\n<hr class=\"wp-block-separator has-alpha-channel-opacity is-style-islamic-ornament\" style=\"margin-top:1rem;margin-bottom:2.5rem\"\/>\n\n\n\n<div class=\"idk-fb-container\">\n  <div class=\"idk-fb-inner\">\n    <div class=\"idk-fb-header\">\n      <div class=\"idk-fb-header-info\">\n        <img decoding=\"async\" src=\"https:\/\/graph.facebook.com\/mescidiragbet\/picture?type=large\" alt=\"\u0130slami De\u011ferler K\u00fclliyesi\" onerror=\"this.style.display='none'\"\/>\n        <div>\n          <strong>\u0130slami De\u011ferler K\u00fclliyesi &#8211; Siyeri Nebi M\u00fczesi<\/strong>\n          <span>Facebook Sayfas\u0131<\/span>\n        <\/div>\n      <\/div>\n      <a href=\"https:\/\/www.facebook.com\/mescidiragbet\" target=\"_blank\" rel=\"noopener\" class=\"idk-fb-follow-btn\">\n        <svg xmlns=\"http:\/\/www.w3.org\/2000\/svg\" width=\"16\" height=\"16\" viewBox=\"0 0 24 24\" fill=\"currentColor\"><path d=\"M24 12.073c0-6.627-5.373-12-12-12s-12 5.373-12 12c0 5.99 4.388 10.954 10.125 11.854v-8.385H7.078v-3.47h3.047V9.43c0-3.007 1.792-4.669 4.533-4.669 1.312 0 2.686.235 2.686.235v2.953H15.83c-1.491 0-1.956.925-1.956 1.874v2.25h3.328l-.532 3.47h-2.796v8.385C19.612 23.027 24 18.062 24 12.073z\"\/><\/svg>\n        Sayfay\u0131 Takip Et\n      <\/a>\n    <\/div>\n\n    <div class=\"idk-fb-embed-wrap\">\n      <iframe loading=\"lazy\"\n        src=\"https:\/\/www.facebook.com\/plugins\/page.php?href=https%3A%2F%2Fwww.facebook.com%2Fmescidiragbet&#038;tabs=timeline&#038;width=500&#038;height=2000&#038;small_header=true&#038;adapt_container_width=true&#038;hide_cover=true&#038;show_facepile=false&#038;appId\"\n        width=\"500\"\n        height=\"2000\"\n        style=\"border:none;overflow:hidden;display:block;\"\n        scrolling=\"no\"\n        frameborder=\"0\"\n        allowfullscreen=\"true\"\n        allow=\"autoplay; clipboard-write; encrypted-media; picture-in-picture; web-share\">\n      <\/iframe>\n    <\/div>\n\n    <div class=\"idk-fb-footer\">\n      <a href=\"https:\/\/www.facebook.com\/mescidiragbet\" target=\"_blank\" rel=\"noopener\">\n        T\u00fcm g\u00f6nderileri Facebook&#8217;ta g\u00f6r\u00fcnt\u00fcle \u2192\n      <\/a>\n    <\/div>\n  <\/div>\n<\/div>\n\n\n\n<hr class=\"wp-block-separator has-alpha-channel-opacity is-style-islamic-ornament\" style=\"margin-top:3rem;margin-bottom:2rem\"\/>\n\n\n\n<h3 class=\"wp-block-heading has-text-align-center has-secondary-color has-text-color has-heading-font-family\" style=\"font-size:1.3rem;margin-bottom:1.5rem\">Bizi Takip Edin<\/h3>\n\n\n\n<div class=\"wp-block-buttons is-content-justification-center is-layout-flex wp-container-core-buttons-is-layout-720bcce9 wp-block-buttons-is-layout-flex\">\n\n<div class=\"wp-block-button\"><a class=\"wp-block-button__link has-white-color has-accent-background-color has-text-color has-background wp-element-button\" href=\"https:\/\/www.facebook.com\/mescidiragbet\" target=\"_blank\" rel=\"noopener\" style=\"border-radius:8px;padding-top:14px;padding-right:28px;padding-bottom:14px;padding-left:28px\">Facebook Sayfam\u0131z<\/a><\/div>\n\n\n<div class=\"wp-block-button\"><a class=\"wp-block-button__link has-white-color has-dark-background-color has-text-color has-background wp-element-button\" href=\"https:\/\/youtube.com\/@bahattinakyon3048?si=6SCNDL6nmG2HWU-Y\" target=\"_blank\" rel=\"noopener\" style=\"border-radius:8px;padding-top:14px;padding-right:28px;padding-bottom:14px;padding-left:28px\">YouTube Kanal\u0131m\u0131z<\/a><\/div>\n\n<\/div>\n\n","protected":false},"excerpt":{"rendered":"<p>Duyurular Facebook sayfam\u0131zdan en g\u00fcncel duyurular\u0131m\u0131z\u0131 takip edebilirsiniz. \u0130slami De\u011ferler K\u00fclliyesi &#8211; Siyeri Nebi M\u00fczesi Facebook Sayfas\u0131 Sayfay\u0131 Takip Et T\u00fcm g\u00f6nderileri Facebook&#8217;ta g\u00f6r\u00fcnt\u00fcle \u2192 Bizi Takip Edin<\/p>\n","protected":false},"author":0,"featured_media":0,"parent":0,"menu_order":0,"comment_status":"closed","ping_status":"closed","template":"","meta":{"footnotes":""},"class_list":["post-16","page","type-page","status-publish","hentry"],"_links":{"self":[{"href":"https:\/\/islamidegerlerkulliyesi.com\/index.php\/wp-json\/wp\/v2\/pages\/16","targetHints":{"allow":["GET"]}}],"collection":[{"href":"https:\/\/islamidegerlerkulliyesi.com\/index.php\/wp-json\/wp\/v2\/pages"}],"about":[{"href":"https:\/\/islamidegerlerkulliyesi.com\/index.php\/wp-json\/wp\/v2\/types\/page"}],"replies":[{"embeddable":true,"href":"https:\/\/islamidegerlerkulliyesi.com\/index.php\/wp-json\/wp\/v2\/comments?post=16"}],"version-history":[{"count":5,"href":"https:\/\/islamidegerlerkulliyesi.com\/index.php\/wp-json\/wp\/v2\/pages\/16\/revisions"}],"predecessor-version":[{"id":59,"href":"https:\/\/islamidegerlerkulliyesi.com\/index.php\/wp-json\/wp\/v2\/pages\/16\/revisions\/59"}],"wp:attachment":[{"href":"https:\/\/islamidegerlerkulliyesi.com\/index.php\/wp-json\/wp\/v2\/media?parent=16"}],"curies":[{"name":"wp","href":"https:\/\/api.w.org\/{rel}","templated":true}]}}