{"id":17,"date":"2026-04-01T03:23:28","date_gmt":"2026-04-01T00:23:28","guid":{"rendered":"https:\/\/islamidegerlerkulliyesi.com\/foto-galeri\/"},"modified":"2026-04-01T11:20:08","modified_gmt":"2026-04-01T08:20:08","slug":"foto-galeri","status":"publish","type":"page","link":"https:\/\/islamidegerlerkulliyesi.com\/index.php\/foto-galeri\/","title":{"rendered":"Foto Galeri"},"content":{"rendered":"\n<h2 class=\"wp-block-heading has-text-align-center has-primary-color has-text-color has-heading-font-family\" style=\"font-size:clamp(1.6rem,3vw,2rem);margin-bottom:1.5rem\">Foto Galeri<\/h2>\n\n\n\n<hr class=\"wp-block-separator has-alpha-channel-opacity is-style-islamic-ornament\" style=\"margin-top:1rem;margin-bottom:2rem\"\/>\n\n\n\n<figure class=\"wp-block-gallery has-nested-images columns-3 is-cropped wp-block-gallery-1 is-layout-flex wp-block-gallery-is-layout-flex\">\n\n<figure class=\"wp-block-image size-large\"><img loading=\"lazy\" decoding=\"async\" width=\"900\" height=\"675\" data-id=\"34\" src=\"https:\/\/islamidegerlerkulliyesi.com\/wp-content\/uploads\/2025\/01\/Dronee-2.jpeg\" alt=\"Drone G\u00f6r\u00fcnt\u00fcs\u00fc\" class=\"wp-image-34\" srcset=\"https:\/\/islamidegerlerkulliyesi.com\/wp-content\/uploads\/2025\/01\/Dronee-2.jpeg 900w, https:\/\/islamidegerlerkulliyesi.com\/wp-content\/uploads\/2025\/01\/Dronee-2-300x225.jpeg 300w, https:\/\/islamidegerlerkulliyesi.com\/wp-content\/uploads\/2025\/01\/Dronee-2-768x576.jpeg 768w, https:\/\/islamidegerlerkulliyesi.com\/wp-content\/uploads\/2025\/01\/Dronee-2-800x600.jpeg 800w\" sizes=\"auto, (max-width: 900px) 100vw, 900px\" \/><\/figure>\n\n\n<figure class=\"wp-block-image size-large\"><img loading=\"lazy\" decoding=\"async\" width=\"2048\" height=\"1536\" data-id=\"36\" src=\"https:\/\/islamidegerlerkulliyesi.com\/wp-content\/uploads\/2025\/01\/kulliye-1.jpg\" alt=\"K\u00fclliye G\u00f6r\u00fcn\u00fcm\" class=\"wp-image-36\" srcset=\"https:\/\/islamidegerlerkulliyesi.com\/wp-content\/uploads\/2025\/01\/kulliye-1.jpg 2048w, https:\/\/islamidegerlerkulliyesi.com\/wp-content\/uploads\/2025\/01\/kulliye-1-300x225.jpg 300w, https:\/\/islamidegerlerkulliyesi.com\/wp-content\/uploads\/2025\/01\/kulliye-1-1024x768.jpg 1024w, https:\/\/islamidegerlerkulliyesi.com\/wp-content\/uploads\/2025\/01\/kulliye-1-768x576.jpg 768w, https:\/\/islamidegerlerkulliyesi.com\/wp-content\/uploads\/2025\/01\/kulliye-1-1536x1152.jpg 1536w, https:\/\/islamidegerlerkulliyesi.com\/wp-content\/uploads\/2025\/01\/kulliye-1-800x600.jpg 800w\" sizes=\"auto, (max-width: 2048px) 100vw, 2048px\" \/><\/figure>\n\n\n<figure class=\"wp-block-image size-large\"><img loading=\"lazy\" decoding=\"async\" width=\"1600\" height=\"1200\" data-id=\"38\" src=\"https:\/\/islamidegerlerkulliyesi.com\/wp-content\/uploads\/2025\/01\/kulliye-3.jpg\" alt=\"K\u00fclliye \u0130\u00e7 G\u00f6r\u00fcn\u00fcm\" class=\"wp-image-38\" srcset=\"https:\/\/islamidegerlerkulliyesi.com\/wp-content\/uploads\/2025\/01\/kulliye-3.jpg 1600w, https:\/\/islamidegerlerkulliyesi.com\/wp-content\/uploads\/2025\/01\/kulliye-3-300x225.jpg 300w, https:\/\/islamidegerlerkulliyesi.com\/wp-content\/uploads\/2025\/01\/kulliye-3-1024x768.jpg 1024w, https:\/\/islamidegerlerkulliyesi.com\/wp-content\/uploads\/2025\/01\/kulliye-3-768x576.jpg 768w, https:\/\/islamidegerlerkulliyesi.com\/wp-content\/uploads\/2025\/01\/kulliye-3-1536x1152.jpg 1536w, https:\/\/islamidegerlerkulliyesi.com\/wp-content\/uploads\/2025\/01\/kulliye-3-800x600.jpg 800w\" sizes=\"auto, (max-width: 1600px) 100vw, 1600px\" \/><\/figure>\n\n\n<figure class=\"wp-block-image size-large\"><img loading=\"lazy\" decoding=\"async\" width=\"960\" height=\"639\" data-id=\"37\" src=\"https:\/\/islamidegerlerkulliyesi.com\/wp-content\/uploads\/2025\/01\/kulliye-2.jpg\" alt=\"K\u00fclliye Detay\" class=\"wp-image-37\" srcset=\"https:\/\/islamidegerlerkulliyesi.com\/wp-content\/uploads\/2025\/01\/kulliye-2.jpg 960w, https:\/\/islamidegerlerkulliyesi.com\/wp-content\/uploads\/2025\/01\/kulliye-2-300x200.jpg 300w, https:\/\/islamidegerlerkulliyesi.com\/wp-content\/uploads\/2025\/01\/kulliye-2-768x511.jpg 768w, https:\/\/islamidegerlerkulliyesi.com\/wp-content\/uploads\/2025\/01\/kulliye-2-600x400.jpg 600w\" sizes=\"auto, (max-width: 960px) 100vw, 960px\" \/><\/figure>\n\n\n<figure class=\"wp-block-image size-large\"><img loading=\"lazy\" decoding=\"async\" width=\"1283\" height=\"713\" data-id=\"42\" src=\"https:\/\/islamidegerlerkulliyesi.com\/wp-content\/uploads\/2025\/01\/IMG-20250126-WA0055.jpg\" alt=\"Bas\u0131n Foto\u011fraf\u0131\" class=\"wp-image-42\" srcset=\"https:\/\/islamidegerlerkulliyesi.com\/wp-content\/uploads\/2025\/01\/IMG-20250126-WA0055.jpg 1283w, https:\/\/islamidegerlerkulliyesi.com\/wp-content\/uploads\/2025\/01\/IMG-20250126-WA0055-300x167.jpg 300w, https:\/\/islamidegerlerkulliyesi.com\/wp-content\/uploads\/2025\/01\/IMG-20250126-WA0055-1024x569.jpg 1024w, https:\/\/islamidegerlerkulliyesi.com\/wp-content\/uploads\/2025\/01\/IMG-20250126-WA0055-768x427.jpg 768w\" sizes=\"auto, (max-width: 1283px) 100vw, 1283px\" \/><\/figure>\n\n\n<figure class=\"wp-block-image size-large\"><img loading=\"lazy\" decoding=\"async\" width=\"893\" height=\"612\" data-id=\"46\" src=\"https:\/\/islamidegerlerkulliyesi.com\/wp-content\/uploads\/2025\/01\/IMG-20250126-WA0060.jpg\" alt=\"Bas\u0131n Foto\u011fraf\u0131\" class=\"wp-image-46\" srcset=\"https:\/\/islamidegerlerkulliyesi.com\/wp-content\/uploads\/2025\/01\/IMG-20250126-WA0060.jpg 893w, https:\/\/islamidegerlerkulliyesi.com\/wp-content\/uploads\/2025\/01\/IMG-20250126-WA0060-300x206.jpg 300w, https:\/\/islamidegerlerkulliyesi.com\/wp-content\/uploads\/2025\/01\/IMG-20250126-WA0060-768x526.jpg 768w\" sizes=\"auto, (max-width: 893px) 100vw, 893px\" \/><\/figure>\n\n\n<figure class=\"wp-block-image size-large\"><img loading=\"lazy\" decoding=\"async\" width=\"974\" height=\"700\" data-id=\"39\" src=\"https:\/\/islamidegerlerkulliyesi.com\/wp-content\/uploads\/2025\/01\/IMG-20250126-WA0023.jpg\" alt=\"Bas\u0131n Foto\u011fraf\u0131\" class=\"wp-image-39\" srcset=\"https:\/\/islamidegerlerkulliyesi.com\/wp-content\/uploads\/2025\/01\/IMG-20250126-WA0023.jpg 974w, https:\/\/islamidegerlerkulliyesi.com\/wp-content\/uploads\/2025\/01\/IMG-20250126-WA0023-300x216.jpg 300w, https:\/\/islamidegerlerkulliyesi.com\/wp-content\/uploads\/2025\/01\/IMG-20250126-WA0023-768x552.jpg 768w\" sizes=\"auto, (max-width: 974px) 100vw, 974px\" \/><\/figure>\n\n\n<figure class=\"wp-block-image size-large\"><img loading=\"lazy\" decoding=\"async\" width=\"893\" height=\"996\" data-id=\"43\" src=\"https:\/\/islamidegerlerkulliyesi.com\/wp-content\/uploads\/2025\/01\/IMG-20250126-WA0056.jpg\" alt=\"Bas\u0131n Foto\u011fraf\u0131\" class=\"wp-image-43\" srcset=\"https:\/\/islamidegerlerkulliyesi.com\/wp-content\/uploads\/2025\/01\/IMG-20250126-WA0056.jpg 893w, https:\/\/islamidegerlerkulliyesi.com\/wp-content\/uploads\/2025\/01\/IMG-20250126-WA0056-269x300.jpg 269w, https:\/\/islamidegerlerkulliyesi.com\/wp-content\/uploads\/2025\/01\/IMG-20250126-WA0056-768x857.jpg 768w\" sizes=\"auto, (max-width: 893px) 100vw, 893px\" \/><\/figure>\n\n\n<figure class=\"wp-block-image size-large\"><img loading=\"lazy\" decoding=\"async\" width=\"975\" height=\"1600\" data-id=\"41\" src=\"https:\/\/islamidegerlerkulliyesi.com\/wp-content\/uploads\/2025\/01\/IMG-20250126-WA0054.jpg\" alt=\"Bas\u0131n Foto\u011fraf\u0131\" class=\"wp-image-41\" srcset=\"https:\/\/islamidegerlerkulliyesi.com\/wp-content\/uploads\/2025\/01\/IMG-20250126-WA0054.jpg 975w, https:\/\/islamidegerlerkulliyesi.com\/wp-content\/uploads\/2025\/01\/IMG-20250126-WA0054-183x300.jpg 183w, https:\/\/islamidegerlerkulliyesi.com\/wp-content\/uploads\/2025\/01\/IMG-20250126-WA0054-624x1024.jpg 624w, https:\/\/islamidegerlerkulliyesi.com\/wp-content\/uploads\/2025\/01\/IMG-20250126-WA0054-768x1260.jpg 768w, https:\/\/islamidegerlerkulliyesi.com\/wp-content\/uploads\/2025\/01\/IMG-20250126-WA0054-936x1536.jpg 936w\" sizes=\"auto, (max-width: 975px) 100vw, 975px\" \/><\/figure>\n\n<\/figure>\n","protected":false},"excerpt":{"rendered":"<p>Foto Galeri<\/p>\n","protected":false},"author":0,"featured_media":0,"parent":0,"menu_order":0,"comment_status":"closed","ping_status":"closed","template":"","meta":{"footnotes":""},"class_list":["post-17","page","type-page","status-publish","hentry"],"_links":{"self":[{"href":"https:\/\/islamidegerlerkulliyesi.com\/index.php\/wp-json\/wp\/v2\/pages\/17","targetHints":{"allow":["GET"]}}],"collection":[{"href":"https:\/\/islamidegerlerkulliyesi.com\/index.php\/wp-json\/wp\/v2\/pages"}],"about":[{"href":"https:\/\/islamidegerlerkulliyesi.com\/index.php\/wp-json\/wp\/v2\/types\/page"}],"replies":[{"embeddable":true,"href":"https:\/\/islamidegerlerkulliyesi.com\/index.php\/wp-json\/wp\/v2\/comments?post=17"}],"version-history":[{"count":3,"href":"https:\/\/islamidegerlerkulliyesi.com\/index.php\/wp-json\/wp\/v2\/pages\/17\/revisions"}],"predecessor-version":[{"id":53,"href":"https:\/\/islamidegerlerkulliyesi.com\/index.php\/wp-json\/wp\/v2\/pages\/17\/revisions\/53"}],"wp:attachment":[{"href":"https:\/\/islamidegerlerkulliyesi.com\/index.php\/wp-json\/wp\/v2\/media?parent=17"}],"curies":[{"name":"wp","href":"https:\/\/api.w.org\/{rel}","templated":true}]}}