{"id":6,"date":"2026-04-01T03:06:54","date_gmt":"2026-04-01T00:06:54","guid":{"rendered":"https:\/\/islamidegerlerkulliyesi.com\/about\/"},"modified":"2026-04-01T03:09:44","modified_gmt":"2026-04-01T00:09:44","slug":"about","status":"publish","type":"page","link":"https:\/\/islamidegerlerkulliyesi.com\/index.php\/about\/","title":{"rendered":"Hakk\u0131m\u0131zda"},"content":{"rendered":"\n<h2 class=\"wp-block-heading has-text-align-center has-primary-color has-text-color has-heading-font-family\" style=\"font-size:clamp(1.6rem,3vw,2rem);margin-bottom:2rem\">Dernek Bilgileri<\/h2>\n\n\n\n<div class=\"wp-block-group is-style-islamic-card has-white-background-color has-background is-layout-flow wp-block-group-is-layout-flow\" style=\"border-radius:16px;padding-top:2rem;padding-right:2rem;padding-bottom:2rem;padding-left:2rem\">\n\n<ul class=\"wp-block-list\"><li><strong>YER\u0130:<\/strong> Sa\u011fl\u0131k Oca\u011f\u0131 Yan\u0131 No:3\/1 K\u0131r\u0131kkale \u2013 Merkez \/ Karacal\u0131 K\u00f6y\u00fc<\/li><li><strong>DERNEK KURULU\u015e TAR\u0130H\u0130:<\/strong> 05 May\u0131s 2015 \/ K\u0131r\u0131kkale Valili\u011fi \u0130l Sivil Toplumla \u0130li\u015fkiler M\u00fcd\u00fcrl\u00fc\u011f\u00fc<\/li><li><strong>YER TAHS\u0130S TAR\u0130H\u0130:<\/strong> K\u0131r\u0131kkale M\u00fcft\u00fcl\u00fc\u011f\u00fc 24\/07\/2015 tarihinde yap\u0131lan protokol ile<\/li><li><strong>\u0130N\u015eAATIN BA\u015eLAMA TAR\u0130H\u0130:<\/strong> 22 Kas\u0131m 2015<\/li><li><strong>RESM\u0130 Y\u00d6N\u00dc:<\/strong> \u0130slami De\u011ferler Sosyal K\u00fclt\u00fcr Yard\u0131mla\u015fma ve Dayan\u0131\u015fma Derne\u011fi \u2014 Cumhurba\u015fkanl\u0131\u011f\u0131 makam\u0131n\u0131n 29 A\u011fustos 2024 tarih ve 8875 say\u0131l\u0131 onay\u0131 ile Kamu Yarar\u0131na \u00e7al\u0131\u015fan dernek stat\u00fcs\u00fcndedir.<\/li><\/ul>\n\n\n\n<p>M\u00fczemiz K\u00fclt\u00fcr ve Turizm Bakanl\u0131\u011f\u0131 05.10.2023 tarih ve E-609603384-151.01.99-4268278 say\u0131l\u0131 olurular\u0131 ile &#8220;Siyer-i Nebi M\u00fczesi&#8221; olarak tescil edilmi\u015f ve onaylanm\u0131\u015ft\u0131r. \u00dccretsiz olarak kamu yarar\u0131na hizmet etmektedir.<\/p>\n\n<\/div>\n\n\n\n<hr class=\"wp-block-separator has-alpha-channel-opacity is-style-islamic-ornament\" style=\"margin-top:3rem;margin-bottom:3rem\"\/>\n\n\n\n<h2 class=\"wp-block-heading has-text-align-center has-primary-color has-text-color has-heading-font-family\" style=\"font-size:clamp(1.6rem,3vw,2rem);margin-bottom:2rem\">\u0130n\u015faat Alanlar\u0131m\u0131z: 5.000 m\u00b2<\/h2>\n\n\n\n<div class=\"wp-block-columns is-layout-flex wp-container-core-columns-is-layout-6b276c36 wp-block-columns-is-layout-flex\">\n\n<div class=\"wp-block-column is-layout-flow wp-block-column-is-layout-flow\">\n\n<ul class=\"wp-block-list\"><li>Cami Alan\u0131 (Kad\u0131n ve Erkek ayr\u0131 iki Mescit)<\/li><li>Siyer-i Nebi M\u00fczesi<\/li><li>Mushaf-\u0131 \u015eerif M\u00fczesi \u2013 650 m\u00b2<\/li><li>Taziye Yeri (Kad\u0131n ve Erkek ayr\u0131) \u2013 650 m\u00b2<\/li><li>Konferans Salonu \u2013 304 m\u00b2<\/li><li>\u0130mam Evi (2 adet) \u2013 150 m\u00b2<\/li><li>Misafirhane (2 adet) \u2013 150 m\u00b2<\/li><\/ul>\n\n<\/div>\n\n\n<div class=\"wp-block-column is-layout-flow wp-block-column-is-layout-flow\">\n\n<ul class=\"wp-block-list\"><li>K\u00fct\u00fcphane \u2013 100 m\u00b2<\/li><li>K\u0131z ve Erkek Kuran Kurslar\u0131 \u2013 250 m\u00b2<\/li><li>Bilgisayar Odalar\u0131 \u2013 50 m\u00b2<\/li><li>Kitapevi \u2013 50 m\u00b2<\/li><li>\u015ead\u0131rvan, Gasilhane (3 adet)<\/li><li>Fuaye, Sergi ve \u00c7ay-Sohbet Salonlar\u0131<\/li><li>Park ve Bah\u00e7e Alan\u0131: 30.000 m\u00b2 (15 Temmuz \u015eehitleri Park\u0131)<\/li><li>Otopark Alan\u0131: 20.000 m\u00b2<\/li><\/ul>\n\n<\/div>\n\n<\/div>\n\n\n\n<hr class=\"wp-block-separator has-alpha-channel-opacity is-style-islamic-ornament\" style=\"margin-top:3rem;margin-bottom:3rem\"\/>\n\n\n\n<h2 class=\"wp-block-heading has-text-align-center has-primary-color has-text-color has-heading-font-family\" style=\"font-size:clamp(1.6rem,3vw,2rem);margin-bottom:2rem\">Tarih\u00e7e<\/h2>\n\n\n\n<p style=\"line-height:1.9\">Say\u0131n Cumhurba\u015fkan\u0131m\u0131z\u0131n tensipleri ve \u0130leti\u015fim Ba\u015fkanl\u0131\u011f\u0131m\u0131z\u0131n g\u00f6revlendirmesiyle T.C. Cidde Bas\u0131n Ata\u015fesi g\u00f6revinde bulunan Aky\u00f6n, 2012 y\u0131l\u0131nda Arafat&#8217;ta yapt\u0131\u011f\u0131 bir dua ile &#8220;K\u0131r\u0131kkale&#8217;ye kal\u0131c\u0131 bir eser kazand\u0131rma ve &#8216;sadaka-i cariye&#8217; in\u015fa etme hedefi&#8221; etraf\u0131nda, hay\u0131rseverleri toplam\u0131\u015ft\u0131r.<\/p>\n\n\n\n<p style=\"line-height:1.9\">\u0130lk olarak 2012 y\u0131l\u0131 i\u00e7inde K\u0131r\u0131kkale&#8217;ye y\u00fcksek bir irtifadan bakan ve \u015fehrin \u00e7o\u011fu yerinden g\u00f6r\u00fcnen Karacal\u0131 k\u00f6y\u00fc civar\u0131nda, be\u015f d\u00f6n\u00fcml\u00fck bir arazi k\u00fclliye yap\u0131m\u0131 i\u00e7in tahsis edilmi\u015ftir. 22 Kas\u0131m 2015 tarihinde \u00e7ok say\u0131da misafirin kat\u0131l\u0131m\u0131yla dualarla temel atma t\u00f6reni ger\u00e7ekle\u015ftirildi.<\/p>\n\n\n\n<p style=\"line-height:1.9\">Mimarl\u0131\u011f\u0131n\u0131 Y\u00fcksek Mimar Sn. Yasin Okur&#8217;un, m\u00fcteahhitli\u011fini dernek y\u00f6netiminin \u00fcstlendi\u011fi mescidin in\u015faat\u0131 devam ederken, \u00e7izilen planlar ve yap\u0131lan de\u011fi\u015fikliklerle tam te\u015fekk\u00fcll\u00fc bir k\u00fclliye olmas\u0131na karar verildi. K\u00fclliyenin tamam\u0131 hay\u0131rseverlerin katk\u0131lar\u0131 ile yap\u0131ld\u0131.<\/p>\n\n\n\n<p style=\"line-height:1.9\">K\u00fclliyede Sel\u00e7uklu Mimarisi \u00f6zelli\u011fi ta\u015f i\u015f\u00e7ili\u011fi ve d\u00f6rt yar\u0131m Hilal \u015feklinde m\u00fckemmel bir kubbe tasar\u0131m\u0131 ger\u00e7ekle\u015fti. Kaba in\u015faat\u0131 2018 tarihinde tamamlanan k\u00fclliyeye &#8216;K\u0131r\u0131kkale \u0130slami De\u011ferler K\u00fclliyesi&#8217; ad\u0131 verildi. 2019 y\u0131l\u0131nda k\u00fclliye i\u00e7inde ince i\u015f\u00e7ilik, s\u00fcsleme ve te\u015frifat \u00e7al\u0131\u015fmalar\u0131 tamamland\u0131.<\/p>\n\n\n\n<p style=\"line-height:1.9\">D\u00fcnya&#8217;da Allah (\u0627\u0644\u0644\u0647) lafz\u0131 Celil&#8217;i \u00fczerine kurulu tek eserdir. G\u00f6ky\u00fcz\u00fcnden bak\u0131ld\u0131\u011f\u0131nda k\u00fclliye silueti Arap\u00e7a &#8216;Allah&#8217; yaz\u0131s\u0131n\u0131 vermektedir. Bu g\u00f6r\u00fcnt\u00fc \u00f6zellikle geceleri, \u0130\u00e7 Anadolu B\u00f6lgesi \u00fczerinden ge\u00e7en t\u00fcm u\u00e7aklar taraf\u0131ndan g\u00f6r\u00fclebilmektedir.<\/p>\n\n\n\n<hr class=\"wp-block-separator has-alpha-channel-opacity is-style-islamic-ornament\" style=\"margin-top:3rem;margin-bottom:3rem\"\/>\n\n\n\n<h2 class=\"wp-block-heading has-text-align-center has-primary-color has-text-color has-heading-font-family\" style=\"font-size:clamp(1.6rem,3vw,2rem);margin-bottom:2rem\">Y\u00f6netim Kurulu<\/h2>\n\n\n\n<div class=\"wp-block-columns is-layout-flex wp-container-core-columns-is-layout-28f84493 wp-block-columns-is-layout-flex\">\n\n<div class=\"wp-block-column is-layout-flow wp-block-column-is-layout-flow\">\n\n<ol class=\"wp-block-list\"><li>Bahattin Aky\u00f6n \u2013 <em>Ba\u015fkan<\/em><\/li><li>Ey\u00fcp Ertekin \u2013 <em>Ba\u015fkan Yard\u0131mc\u0131s\u0131<\/em><\/li><li>Zafer Bal \u2013 <em>Genel Muhasip<\/em><\/li><li>Cengiz Algan \u2013 <em>Ba\u015fkan Yard\u0131mc\u0131s\u0131<\/em><\/li><li>Recep Tufaner \u2013 <em>Ba\u015fkan Yard\u0131mc\u0131s\u0131<\/em><\/li><li>Necati \u00d6z\u00e7elik \u2013 <em>Genel Sekreter<\/em><\/li><li>Yusuf Aky\u00f6n \u2013 <em>\u00dcye<\/em><\/li><\/ol>\n\n<\/div>\n\n\n<div class=\"wp-block-column is-layout-flow wp-block-column-is-layout-flow\">\n\n<h4 class=\"wp-block-heading has-primary-color has-text-color\">Denetleme Kurulu<\/h4>\n\n\n<ol class=\"wp-block-list\"><li>Ya\u015far Tombak<\/li><li>Emrah Aky\u00f6n<\/li><li>Ferhat Tek\u00f6z<\/li><\/ol>\n\n<\/div>\n\n<\/div>\n\n","protected":false},"excerpt":{"rendered":"<p>Dernek Bilgileri YER\u0130: Sa\u011fl\u0131k Oca\u011f\u0131 Yan\u0131 No:3\/1 K\u0131r\u0131kkale \u2013 Merkez \/ Karacal\u0131 K\u00f6y\u00fc DERNEK KURULU\u015e TAR\u0130H\u0130: 05 May\u0131s 2015 \/ K\u0131r\u0131kkale Valili\u011fi \u0130l Sivil Toplumla \u0130li\u015fkiler M\u00fcd\u00fcrl\u00fc\u011f\u00fc YER TAHS\u0130S TAR\u0130H\u0130: K\u0131r\u0131kkale M\u00fcft\u00fcl\u00fc\u011f\u00fc 24\/07\/2015 tarihinde yap\u0131lan protokol ile \u0130N\u015eAATIN BA\u015eLAMA TAR\u0130H\u0130: 22 Kas\u0131m 2015 RESM\u0130 Y\u00d6N\u00dc: \u0130slami De\u011ferler Sosyal K\u00fclt\u00fcr Yard\u0131mla\u015fma ve Dayan\u0131\u015fma Derne\u011fi \u2014 Cumhurba\u015fkanl\u0131\u011f\u0131 [&hellip;]<\/p>\n","protected":false},"author":0,"featured_media":0,"parent":0,"menu_order":0,"comment_status":"closed","ping_status":"closed","template":"","meta":{"footnotes":""},"class_list":["post-6","page","type-page","status-publish","hentry"],"_links":{"self":[{"href":"https:\/\/islamidegerlerkulliyesi.com\/index.php\/wp-json\/wp\/v2\/pages\/6","targetHints":{"allow":["GET"]}}],"collection":[{"href":"https:\/\/islamidegerlerkulliyesi.com\/index.php\/wp-json\/wp\/v2\/pages"}],"about":[{"href":"https:\/\/islamidegerlerkulliyesi.com\/index.php\/wp-json\/wp\/v2\/types\/page"}],"replies":[{"embeddable":true,"href":"https:\/\/islamidegerlerkulliyesi.com\/index.php\/wp-json\/wp\/v2\/comments?post=6"}],"version-history":[{"count":1,"href":"https:\/\/islamidegerlerkulliyesi.com\/index.php\/wp-json\/wp\/v2\/pages\/6\/revisions"}],"predecessor-version":[{"id":7,"href":"https:\/\/islamidegerlerkulliyesi.com\/index.php\/wp-json\/wp\/v2\/pages\/6\/revisions\/7"}],"wp:attachment":[{"href":"https:\/\/islamidegerlerkulliyesi.com\/index.php\/wp-json\/wp\/v2\/media?parent=6"}],"curies":[{"name":"wp","href":"https:\/\/api.w.org\/{rel}","templated":true}]}}