{"id":8,"date":"2026-04-01T03:22:49","date_gmt":"2026-04-01T00:22:49","guid":{"rendered":"https:\/\/islamidegerlerkulliyesi.com\/siyer-i-nebi\/"},"modified":"2026-04-01T12:51:46","modified_gmt":"2026-04-01T09:51:46","slug":"siyer-i-nebi","status":"publish","type":"page","link":"https:\/\/islamidegerlerkulliyesi.com\/index.php\/siyer-i-nebi\/","title":{"rendered":"Siyer-i Nebi"},"content":{"rendered":"\n<h2 class=\"wp-block-heading has-text-align-center has-primary-color has-text-color has-heading-font-family\" style=\"font-size:clamp(1.6rem,3vw,2rem);margin-bottom:1.5rem\">Siyer-i Nebi Nedir?<\/h2>\n\n\n\n<hr class=\"wp-block-separator has-alpha-channel-opacity is-style-islamic-ornament\" style=\"margin-top:1rem;margin-bottom:2rem\"\/>\n\n\n\n<div class=\"wp-block-group is-style-islamic-card has-white-background-color has-background is-layout-flow wp-block-group-is-layout-flow\" style=\"border-radius:16px;padding-top:2.5rem;padding-right:2.5rem;padding-bottom:2.5rem;padding-left:2.5rem\">\n\n\n<ul class=\"has-dark-medium-color has-text-color wp-block-list\" style=\"font-size:1.05rem;line-height:2.2\"><li><strong>Siyer-i Nebi, marifettir:<\/strong> Bilmemiz, tan\u0131mam\u0131z ve ya\u015famam\u0131z i\u00e7in.<\/li><li><strong>Siyer-i Nebi, muhabbettir:<\/strong> Sahabe sevdi ve sevgi ile muhabbetle, mahrum y\u00fcreklere bu sevgiyi ta\u015f\u0131d\u0131.<\/li><li><strong>Siyer-i Nebi, muallimdir:<\/strong> \u00d6zelde Sahabe&#8217;ye genelde ise t\u00fcm m\u00fcminlere bilmedikleri bir\u00e7ok \u015feyi \u00f6\u011fretendir.<\/li><li><strong>Siyer-i Nebi, mektebdir:<\/strong> \u0130lmin nerede ve nas\u0131l olaca\u011f\u0131n\u0131 \u00f6\u011fretir.<\/li><li><strong>Siyer-i Nebi, mihenktir:<\/strong> Nebevi bir ses ve sedaya uygun bir hayat\u0131 ya\u015famak i\u00e7in en \u00f6nemli \u00f6l\u00e7\u00fcd\u00fcr.<\/li><li><strong>Siyer-i Nebi, menhectir:<\/strong> Usul, yol, y\u00f6ntem \u00f6\u011fretir. Yani Rabbani yolun, Rabbani bir metod ile olmas\u0131 gerekti\u011fini \u00f6\u011fretir.<\/li><li><strong>Siyer-i Nebi, m\u00fcstakimdir:<\/strong> \u00dcmmeti merhume olan ve Allah&#8217;\u0131n rahmetine muhatap olmu\u015f olan bizler, iman etmemi\u015f insanlar\u0131 da imana kavu\u015fturma ad\u0131na gayret i\u00e7inde olmal\u0131y\u0131z.<\/li><li><strong>Siyer-i Nebi, muvazenedir:<\/strong> \u0130tidali ve dengeyi Allah&#8217;\u0131n \u00e7a\u011f\u0131rd\u0131\u011f\u0131 \u00e7izgide tutmak i\u00e7in Rasulullah&#8217;\u0131n (sas) hayat\u0131n\u0131 okuyup \u00f6\u011frenmek zorunday\u0131z.<\/li><\/ul>\n\n\n\n<p class=\"has-text-align-center has-secondary-color has-text-color has-heading-font-family\" style=\"font-size:1.2rem;font-weight:600;line-height:1.8;margin-top:2rem\">Siyeri Nebi, Peygamber Efendimizin bizlere \u00f6rnek hayat\u0131d\u0131r.<\/p>\n\n\n<\/div>\n\n\n\n<hr class=\"wp-block-separator has-alpha-channel-opacity is-style-islamic-ornament\" style=\"margin-top:3rem;margin-bottom:3rem\"\/>\n\n\n\n<p class=\"has-text-align-center has-primary-color has-text-color has-heading-font-family\" style=\"font-size:1.3rem;line-height:1.8\">Peygamberimiz Hz. Muhammed Mustafa (s.a.v.)&#8217;in hikmet ve rahmet dolu d\u00fcnyas\u0131n\u0131 ke\u015ffetmeye haz\u0131r m\u0131s\u0131n\u0131z!<\/p>\n\n\n\n<div class=\"wp-block-buttons is-content-justification-center is-layout-flex wp-container-core-buttons-is-layout-7c378c05 wp-block-buttons-is-layout-flex\" style=\"margin-top:2rem\">\n\n<div class=\"wp-block-button\"><a class=\"wp-block-button__link has-white-color has-secondary-background-color has-text-color has-background wp-element-button\" href=\"tel:+903185023640\" style=\"border-radius:8px;padding-top:14px;padding-right:32px;padding-bottom:14px;padding-left:32px\">Bizi Aray\u0131n: +90 318 502 36 40<\/a><\/div>\n\n<\/div>\n\n","protected":false},"excerpt":{"rendered":"<p>Siyer-i Nebi Nedir? Siyer-i Nebi, marifettir: Bilmemiz, tan\u0131mam\u0131z ve ya\u015famam\u0131z i\u00e7in. Siyer-i Nebi, muhabbettir: Sahabe sevdi ve sevgi ile muhabbetle, mahrum y\u00fcreklere bu sevgiyi ta\u015f\u0131d\u0131. Siyer-i Nebi, muallimdir: \u00d6zelde Sahabe&#8217;ye genelde ise t\u00fcm m\u00fcminlere bilmedikleri bir\u00e7ok \u015feyi \u00f6\u011fretendir. Siyer-i Nebi, mektebdir: \u0130lmin nerede ve nas\u0131l olaca\u011f\u0131n\u0131 \u00f6\u011fretir. Siyer-i Nebi, mihenktir: Nebevi bir ses ve sedaya [&hellip;]<\/p>\n","protected":false},"author":0,"featured_media":0,"parent":0,"menu_order":0,"comment_status":"closed","ping_status":"closed","template":"","meta":{"footnotes":""},"class_list":["post-8","page","type-page","status-publish","hentry"],"_links":{"self":[{"href":"https:\/\/islamidegerlerkulliyesi.com\/index.php\/wp-json\/wp\/v2\/pages\/8","targetHints":{"allow":["GET"]}}],"collection":[{"href":"https:\/\/islamidegerlerkulliyesi.com\/index.php\/wp-json\/wp\/v2\/pages"}],"about":[{"href":"https:\/\/islamidegerlerkulliyesi.com\/index.php\/wp-json\/wp\/v2\/types\/page"}],"replies":[{"embeddable":true,"href":"https:\/\/islamidegerlerkulliyesi.com\/index.php\/wp-json\/wp\/v2\/comments?post=8"}],"version-history":[{"count":2,"href":"https:\/\/islamidegerlerkulliyesi.com\/index.php\/wp-json\/wp\/v2\/pages\/8\/revisions"}],"predecessor-version":[{"id":56,"href":"https:\/\/islamidegerlerkulliyesi.com\/index.php\/wp-json\/wp\/v2\/pages\/8\/revisions\/56"}],"wp:attachment":[{"href":"https:\/\/islamidegerlerkulliyesi.com\/index.php\/wp-json\/wp\/v2\/media?parent=8"}],"curies":[{"name":"wp","href":"https:\/\/api.w.org\/{rel}","templated":true}]}}