{"id":9,"date":"2026-04-01T03:22:53","date_gmt":"2026-04-01T00:22:53","guid":{"rendered":"https:\/\/islamidegerlerkulliyesi.com\/mushaf-i-serif\/"},"modified":"2026-04-01T03:46:26","modified_gmt":"2026-04-01T00:46:26","slug":"mushaf-i-serif","status":"publish","type":"page","link":"https:\/\/islamidegerlerkulliyesi.com\/index.php\/mushaf-i-serif\/","title":{"rendered":"Mushaf-\u0131 \u015eerif"},"content":{"rendered":"\n<h2 class=\"wp-block-heading has-text-align-center has-primary-color has-text-color has-heading-font-family\" style=\"font-size:clamp(1.6rem,3vw,2rem);margin-bottom:1.5rem\">D\u00fcnyada Bas\u0131l\u0131 Eserler Kuran-\u0131 Kerim M\u00fczesi Tek K\u0131r\u0131kkale&#8217;de<\/h2>\n\n\n\n<hr class=\"wp-block-separator has-alpha-channel-opacity is-style-islamic-ornament\" style=\"margin-top:1rem;margin-bottom:2rem\"\/>\n\n\n\n<p class=\"has-text-align-center has-secondary-color has-text-color has-heading-font-family\" style=\"font-size:1.15rem;font-weight:500;line-height:1.9\">D\u00fcnyadaki \u00fclkelerin bast\u0131\u011f\u0131 bas\u0131l\u0131 Kuran-\u0131 Kerim eserlerinin \u00fclke \u00fclke sergilendi\u011fi M\u00fczenin sadece K\u0131r\u0131kkale&#8217;de oldu\u011funu biliyor musunuz?<\/p>\n\n\n\n<div class=\"wp-block-group is-style-islamic-card has-white-background-color has-background is-layout-flow wp-block-group-is-layout-flow\" style=\"border-radius:16px;margin-top:2rem;padding-top:2.5rem;padding-right:2.5rem;padding-bottom:2.5rem;padding-left:2.5rem\">\n\n\n<p style=\"font-size:1.05rem;line-height:1.9\">\u00dclkelerin basm\u0131\u015f olduklar\u0131 Kuran-\u0131 Kerimlerin tek topland\u0131\u011f\u0131, bir araya getirilip sergilendi\u011fi ve ziyarete a\u00e7\u0131ld\u0131\u011f\u0131 yer K\u0131r\u0131kkale \u0130slami De\u011ferler K\u00fclliyesi Siyer-i Nebi ve Mushaf-\u0131 \u015eerif M\u00fczesi&#8217;dir.<\/p>\n\n\n\n<p style=\"font-size:1.05rem;line-height:1.9\">123&#8217;den fazla \u00fclkenin bast\u0131\u011f\u0131 Kuran-\u0131 Kerimler ve her dilde yay\u0131mlanan Kuran-\u0131 Kerimleri ziyaret edebilece\u011finiz tek mekan buras\u0131d\u0131r.<\/p>\n\n\n\n<p style=\"font-size:1.05rem;line-height:1.9\">10 sene diplomatik g\u00f6rev yapan, hac mevsiminde her \u00fclkeden Hacca gelen \u00fclke temsilcilerini ziyaret eden Eski Cidde Bas\u0131n Ata\u015fesi Bahattin Aky\u00f6n taraf\u0131ndan temin edilen, tek tek isimlendirilen Kuran-\u0131 Kerimler K\u0131r\u0131kkale&#8217;deki Mushaf-\u0131 \u015eerif M\u00fczesi&#8217;nde bulunuyor.<\/p>\n\n\n\n<p class=\"has-text-align-center has-primary-color has-text-color has-heading-font-family\" style=\"font-size:1.15rem;font-weight:600;margin-top:2rem\">Bu e\u015fsiz mekan\u0131 K\u0131r\u0131kkale&#8217;de ziyaret edebilirsiniz.<\/p>\n\n\n<\/div>\n\n","protected":false},"excerpt":{"rendered":"<p>D\u00fcnyada Bas\u0131l\u0131 Eserler Kuran-\u0131 Kerim M\u00fczesi Tek K\u0131r\u0131kkale&#8217;de D\u00fcnyadaki \u00fclkelerin bast\u0131\u011f\u0131 bas\u0131l\u0131 Kuran-\u0131 Kerim eserlerinin \u00fclke \u00fclke sergilendi\u011fi M\u00fczenin sadece K\u0131r\u0131kkale&#8217;de oldu\u011funu biliyor musunuz? \u00dclkelerin basm\u0131\u015f olduklar\u0131 Kuran-\u0131 Kerimlerin tek topland\u0131\u011f\u0131, bir araya getirilip sergilendi\u011fi ve ziyarete a\u00e7\u0131ld\u0131\u011f\u0131 yer K\u0131r\u0131kkale \u0130slami De\u011ferler K\u00fclliyesi Siyer-i Nebi ve Mushaf-\u0131 \u015eerif M\u00fczesi&#8217;dir. 123&#8217;den fazla \u00fclkenin bast\u0131\u011f\u0131 Kuran-\u0131 Kerimler [&hellip;]<\/p>\n","protected":false},"author":0,"featured_media":0,"parent":0,"menu_order":0,"comment_status":"closed","ping_status":"closed","template":"","meta":{"footnotes":""},"class_list":["post-9","page","type-page","status-publish","hentry"],"_links":{"self":[{"href":"https:\/\/islamidegerlerkulliyesi.com\/index.php\/wp-json\/wp\/v2\/pages\/9","targetHints":{"allow":["GET"]}}],"collection":[{"href":"https:\/\/islamidegerlerkulliyesi.com\/index.php\/wp-json\/wp\/v2\/pages"}],"about":[{"href":"https:\/\/islamidegerlerkulliyesi.com\/index.php\/wp-json\/wp\/v2\/types\/page"}],"replies":[{"embeddable":true,"href":"https:\/\/islamidegerlerkulliyesi.com\/index.php\/wp-json\/wp\/v2\/comments?post=9"}],"version-history":[{"count":1,"href":"https:\/\/islamidegerlerkulliyesi.com\/index.php\/wp-json\/wp\/v2\/pages\/9\/revisions"}],"predecessor-version":[{"id":20,"href":"https:\/\/islamidegerlerkulliyesi.com\/index.php\/wp-json\/wp\/v2\/pages\/9\/revisions\/20"}],"wp:attachment":[{"href":"https:\/\/islamidegerlerkulliyesi.com\/index.php\/wp-json\/wp\/v2\/media?parent=9"}],"curies":[{"name":"wp","href":"https:\/\/api.w.org\/{rel}","templated":true}]}}